{"id":82,"date":"2026-02-09T05:37:15","date_gmt":"2026-02-09T05:37:15","guid":{"rendered":"https:\/\/allemoncoco.re\/?page_id=82"},"modified":"2026-02-09T05:37:59","modified_gmt":"2026-02-09T05:37:59","slug":"mentions-legales","status":"publish","type":"page","link":"https:\/\/allemoncoco.re\/?page_id=82","title":{"rendered":"Mentions l\u00e9gales"},"content":{"rendered":"\n<h3 class=\"wp-block-heading\"><strong>\u00c9diteur du site<\/strong><\/h3>\n\n\n\n<p>Le pr\u00e9sent site est \u00e9dit\u00e9 par :<\/p>\n\n\n\n<p><strong>ALLE MON COCO<br><\/strong>Soci\u00e9t\u00e9 par actions simplifi\u00e9e (SAS)<br>Code APE : 5610A \u2013 Restauration traditionnelle<\/p>\n\n\n\n<p>Si\u00e8ge social :<br>Saint-Andr\u00e9, La R\u00e9union<\/p>\n\n\n\n<p>Num\u00e9ro SIRET : 994 787 893 0001<\/p>\n\n\n\n<p><\/p>\n\n\n\n<h3 class=\"wp-block-heading\"><strong>Responsable de la publication<\/strong><\/h3>\n\n\n\n<p>Le responsable de la publication est la soci\u00e9t\u00e9 <strong>Farea Atiama<\/strong>, en sa qualit\u00e9 de repr\u00e9sentante l\u00e9gale.<\/p>\n\n\n\n<h3 class=\"wp-block-heading\"><strong>Conception et webmaster<\/strong><\/h3>\n\n\n\n<p>Le site a \u00e9t\u00e9 con\u00e7u et est maintenu par :<\/p>\n\n\n\n<p><strong>LUVI MEDIA<\/strong><strong><br><\/strong>Soci\u00e9t\u00e9 par actions simplifi\u00e9e (SAS)<\/p>\n\n\n\n<p>Si\u00e8ge social :<br>9 rue Juliette Dodu<br>97400 Saint-Denis, La R\u00e9union<\/p>\n\n\n\n<p><br>Num\u00e9ro SIRET : 445 067 945 00045<\/p>\n\n\n\n<h3 class=\"wp-block-heading\"><strong>H\u00e9bergement<\/strong><\/h3>\n\n\n\n<p>Le site est h\u00e9berg\u00e9 par :<\/p>\n\n\n\n<p><strong>OVH<br><\/strong>OVH SAS<br>2 rue Kellermann<br>59100 Roubaix \u2013 France<br>Site internet : www.ovh.com<\/p>\n\n\n\n<h3 class=\"wp-block-heading\"><strong>Propri\u00e9t\u00e9 intellectuelle<\/strong><\/h3>\n\n\n\n<p>L\u2019ensemble du contenu pr\u00e9sent sur le site (textes, images, illustrations, logos, \u00e9l\u00e9ments graphiques, structure) est la propri\u00e9t\u00e9 exclusive de <strong>ALLE MON COCO<\/strong>, sauf mentions contraires.<\/p>\n\n\n\n<p>Toute reproduction, repr\u00e9sentation, modification ou adaptation, totale ou partielle, sans autorisation pr\u00e9alable \u00e9crite, est strictement interdite.<\/p>\n\n\n\n<h3 class=\"wp-block-heading\"><strong>Responsabilit\u00e9<\/strong><\/h3>\n\n\n\n<p>ALLE MON COCO s\u2019efforce de fournir des informations exactes et \u00e0 jour sur son site. Toutefois, la soci\u00e9t\u00e9 ne saurait \u00eatre tenue responsable des erreurs, omissions ou r\u00e9sultats pouvant \u00eatre obtenus par un mauvais usage de ces informations.<\/p>\n\n\n\n<h3 class=\"wp-block-heading\"><strong>Donn\u00e9es personnelles<\/strong><\/h3>\n\n\n\n<p>Le site All\u00e9 mon coco peut collecter des donn\u00e9es personnelles dans le cadre de son fonctionnement (formulaire de contact, \u00e9changes).<\/p>\n\n\n\n<p>Les donn\u00e9es collect\u00e9es sont strictement destin\u00e9es \u00e0 <strong>ALLE MON COCO<\/strong> et ne font l\u2019objet d\u2019aucune cession \u00e0 des tiers.<\/p>\n\n\n\n<p>Conform\u00e9ment \u00e0 la r\u00e9glementation applicable (R\u00e8glement G\u00e9n\u00e9ral sur la Protection des Donn\u00e9es \u2013 RGPD), vous disposez d\u2019un droit d\u2019acc\u00e8s, de rectification et de suppression des donn\u00e9es vous concernant.<br>Toute demande peut \u00eatre adress\u00e9e via les coordonn\u00e9es de contact du site.<\/p>\n\n\n\n<h3 class=\"wp-block-heading\"><strong>Cookies<\/strong><\/h3>\n\n\n\n<p>Le site peut utiliser des cookies n\u00e9cessaires \u00e0 son bon fonctionnement et \u00e0 l\u2019am\u00e9lioration de l\u2019exp\u00e9rience utilisateur.<\/p>\n\n\n\n<p>L\u2019utilisateur peut \u00e0 tout moment configurer son navigateur pour refuser l\u2019installation des cookies.<\/p>\n","protected":false},"excerpt":{"rendered":"<p>\u00c9diteur du site Le pr\u00e9sent site est \u00e9dit\u00e9 par : ALLE MON COCOSoci\u00e9t\u00e9 par actions simplifi\u00e9e (SAS)Code APE : 5610A \u2013 Restauration traditionnelle Si\u00e8ge social :Saint-Andr\u00e9, La R\u00e9union Num\u00e9ro SIRET : 994 787 893 0001 Responsable de la publication Le responsable de la publication est la soci\u00e9t\u00e9 Farea Atiama, en sa qualit\u00e9 de repr\u00e9sentante l\u00e9gale. [&hellip;]<\/p>\n","protected":false},"author":2,"featured_media":0,"parent":0,"menu_order":0,"comment_status":"closed","ping_status":"closed","template":"","meta":{"footnotes":""},"class_list":["post-82","page","type-page","status-publish","hentry"],"_links":{"self":[{"href":"https:\/\/allemoncoco.re\/index.php?rest_route=\/wp\/v2\/pages\/82","targetHints":{"allow":["GET"]}}],"collection":[{"href":"https:\/\/allemoncoco.re\/index.php?rest_route=\/wp\/v2\/pages"}],"about":[{"href":"https:\/\/allemoncoco.re\/index.php?rest_route=\/wp\/v2\/types\/page"}],"author":[{"embeddable":true,"href":"https:\/\/allemoncoco.re\/index.php?rest_route=\/wp\/v2\/users\/2"}],"replies":[{"embeddable":true,"href":"https:\/\/allemoncoco.re\/index.php?rest_route=%2Fwp%2Fv2%2Fcomments&post=82"}],"version-history":[{"count":2,"href":"https:\/\/allemoncoco.re\/index.php?rest_route=\/wp\/v2\/pages\/82\/revisions"}],"predecessor-version":[{"id":84,"href":"https:\/\/allemoncoco.re\/index.php?rest_route=\/wp\/v2\/pages\/82\/revisions\/84"}],"wp:attachment":[{"href":"https:\/\/allemoncoco.re\/index.php?rest_route=%2Fwp%2Fv2%2Fmedia&parent=82"}],"curies":[{"name":"wp","href":"https:\/\/api.w.org\/{rel}","templated":true}]}}